{"id":10565,"date":"2026-01-21T11:42:37","date_gmt":"2026-01-21T10:42:37","guid":{"rendered":"https:\/\/lgroup.com\/nastaveni-souboru-cookie\/"},"modified":"2026-01-21T11:55:03","modified_gmt":"2026-01-21T10:55:03","slug":"nastaveni-souboru-cookie","status":"publish","type":"page","link":"https:\/\/lgroup.com\/cs\/nastaveni-souboru-cookie\/","title":{"rendered":"Nastaven\u00ed soubor\u016f cookie"},"content":{"rendered":"<p>[et_pb_section fb_built=&#8220;1&#8243; custom_padding_last_edited=&#8220;on|phone&#8220; module_id=&#8220;text&#8220; _builder_version=&#8220;4.27.4&#8243; _module_preset=&#8220;default&#8220; background_color=&#8220;#21494d&#8220; custom_padding=&#8220;2%||5%||false|false&#8220; custom_padding_tablet=&#8220;5%||10%||false|false&#8220; custom_padding_phone=&#8220;15%||15%||true|false&#8220; locked=&#8220;off&#8220; global_colors_info=&#8220;{}&#8220;][et_pb_row use_custom_gutter=&#8220;on&#8220; admin_label=&#8220;Kontaktn\u00ed osoba pro dotazy m\u00e9di\u00ed&#8220; _builder_version=&#8220;4.27.4&#8243; _module_preset=&#8220;default&#8220; background_enable_color=&#8220;off&#8220; width_tablet=&#8220;85%&#8220; width_phone=&#8220;85%&#8220; width_last_edited=&#8220;on|phone&#8220; custom_margin=&#8220;||||false|false&#8220; custom_padding=&#8220;||||false|false&#8220; locked=&#8220;off&#8220; global_colors_info=&#8220;{}&#8220;][et_pb_column type=&#8220;4_4&#8243; _builder_version=&#8220;4.27.4&#8243; _module_preset=&#8220;default&#8220; global_colors_info=&#8220;{}&#8220;][et_pb_blurb content_max_width=&#8220;100%&#8220; module_id=&#8220;cookie-settings&#8220; _builder_version=&#8220;4.27.4&#8243; _module_preset=&#8220;default&#8220; header_font=&#8220;sofia-pro-bold|||on|||||&#8220; header_text_align=&#8220;left&#8220; header_text_color=&#8220;#434343&#8243; header_font_size=&#8220;32px&#8220; header_letter_spacing=&#8220;4px&#8220; header_line_height=&#8220;1.3em&#8220; body_font=&#8220;minion-pro-regular||||||||&#8220; body_text_align=&#8220;left&#8220; body_text_color=&#8220;#434343&#8243; body_font_size=&#8220;20px&#8220; body_letter_spacing=&#8220;0.2px&#8220; body_line_height=&#8220;1.6em&#8220; custom_margin=&#8220;||||false|false&#8220; custom_padding=&#8220;||||false|false&#8220; hover_enabled=&#8220;0&#8243; header_font_size_tablet=&#8220;28px&#8220; header_font_size_phone=&#8220;24px&#8220; header_font_size_last_edited=&#8220;on|phone&#8220; body_font_size_tablet=&#8220;18px&#8220; body_font_size_phone=&#8220;18px&#8220; body_font_size_last_edited=&#8220;on|phone&#8220; custom_css_blurb_title=&#8220;margin-bottom: 1%;&#8220; border_color_bottom=&#8220;#434343&#8243; locked=&#8220;off&#8220; global_colors_info=&#8220;{}&#8220; sticky_enabled=&#8220;0&#8243;]<\/p>\n<p style=\"text-align: center\"><span style=\"font-size: 14px\"><span class=\"borlabs-cookie-open-dialog-preferences brlbs-cmpnt-container\" data-borlabs-cookie-title=\"Nastaven\u00ed soubor\u016f cookie\" data-borlabs-cookie-type=\"button\" ><\/span><\/span><\/p>\n<p>[\/et_pb_blurb][\/et_pb_column][\/et_pb_row][\/et_pb_section][et_pb_section fb_built=&#8220;1&#8243; admin_label=&#8220;Global Footer&#8220; _builder_version=&#8220;4.27.4&#8243; _module_preset=&#8220;default&#8220; background_color=&#8220;#21494d&#8220; custom_margin=&#8220;0%||0%||false|false&#8220; custom_padding=&#8220;0%||0%||false|false&#8220; global_module=&#8220;1336&#8243; saved_tabs=&#8220;all&#8220; locked=&#8220;off&#8220; collapsed=&#8220;off&#8220; global_colors_info=&#8220;{}&#8220;][et_pb_row use_custom_gutter=&#8220;on&#8220; gutter_width=&#8220;1&#8243; _builder_version=&#8220;4.27.4&#8243; _module_preset=&#8220;default&#8220; background_enable_color=&#8220;off&#8220; width=&#8220;100%&#8220; max_width=&#8220;100%&#8220; custom_margin=&#8220;0%||0%||false|false&#8220; custom_padding=&#8220;0%||0%||true|false&#8220; global_colors_info=&#8220;{}&#8220;][et_pb_column type=&#8220;4_4&#8243; _builder_version=&#8220;4.27.4&#8243; _module_preset=&#8220;default&#8220; background_enable_image=&#8220;off&#8220; custom_padding=&#8220;||||false|false&#8220; global_colors_info=&#8220;{}&#8220;][et_pb_blurb image=&#8220;https:\/\/lgroup.com\/wp-content\/uploads\/\/2025\/09\/Lgrou-Logo-Wappen.svg&#8220; image_icon_width=&#8220;65%&#8220; content_max_width=&#8220;800px&#8220; _builder_version=&#8220;4.27.4&#8243; _module_preset=&#8220;default&#8220; header_font=&#8220;sofia-pro-bold||||||||&#8220; header_text_align=&#8220;center&#8220; header_text_color=&#8220;#FFFFFF&#8220; header_font_size=&#8220;24px&#8220; header_letter_spacing=&#8220;4px&#8220; header_line_height=&#8220;1.3em&#8220; body_font=&#8220;sofia-pro-bold|||on|||||&#8220; body_text_align=&#8220;center&#8220; body_text_color=&#8220;#FFFFFF&#8220; body_font_size=&#8220;24px&#8220; body_letter_spacing=&#8220;4px&#8220; body_line_height=&#8220;1.3em&#8220; background_enable_color=&#8220;off&#8220; background_enable_image=&#8220;off&#8220; custom_padding=&#8220;5%|21%|2%|21%|false|true&#8220; custom_padding_tablet=&#8220;10%||||false|true&#8220; custom_padding_phone=&#8220;20%||||false|true&#8220; custom_padding_last_edited=&#8220;on|desktop&#8220; header_font_size_tablet=&#8220;20px&#8220; header_font_size_phone=&#8220;18px&#8220; header_font_size_last_edited=&#8220;on|desktop&#8220; body_font_size_tablet=&#8220;20px&#8220; body_font_size_phone=&#8220;18px&#8220; body_font_size_last_edited=&#8220;on|desktop&#8220; custom_css_blurb_image=&#8220;max-width: 67px;&#8220; custom_css_blurb_title=&#8220;max-width: 30%;||margin-left: auto;||margin-right: auto;&#8220; locked=&#8220;off&#8220; global_colors_info=&#8220;{}&#8220; custom_css_blurb_title_last_edited=&#8220;on|phone&#8220; custom_css_blurb_title_tablet=&#8220;max-width: 50%;||margin-left: auto;||margin-right: auto;&#8220; custom_css_blurb_title_phone=&#8220;max-width: 85%;||margin-left: auto;||margin-right: auto;&#8220; custom_css_blurb_image_last_edited=&#8220;on|phone&#8220; custom_css_blurb_image_tablet=&#8220;max-width: 56px;&#8220; custom_css_blurb_image_phone=&#8220;max-width: 50px;&#8220;]<\/p>\n<p style=\"text-align: center\">LICHTEN\u0160TEJNSKO<br \/>GROUP<\/p>\n<p>[\/et_pb_blurb][\/et_pb_column][\/et_pb_row][et_pb_row column_structure=&#8220;1_4,1_4,1_4,1_4&#8243; custom_padding_last_edited=&#8220;on|phone&#8220; _builder_version=&#8220;4.27.4&#8243; _module_preset=&#8220;default&#8220; custom_padding=&#8220;||5%||false|false&#8220; custom_padding_tablet=&#8220;||10%||false|false&#8220; custom_padding_phone=&#8220;||15%||false|false&#8220; global_colors_info=&#8220;{}&#8220;][et_pb_column type=&#8220;1_4&#8243; _builder_version=&#8220;4.27.4&#8243; _module_preset=&#8220;default&#8220; global_colors_info=&#8220;{}&#8220;][et_pb_divider divider_position=&#8220;center&#8220; divider_weight=&#8220;2px&#8220; _builder_version=&#8220;4.27.4&#8243; _module_preset=&#8220;default&#8220; width=&#8220;90%&#8220; width_tablet=&#8220;60%&#8220; width_phone=&#8220;50%&#8220; width_last_edited=&#8220;on|desktop&#8220; module_alignment=&#8220;center&#8220; custom_margin=&#8220;0%||||false|false&#8220; custom_padding=&#8220;||||false|false&#8220; global_colors_info=&#8220;{}&#8220;][\/et_pb_divider][et_pb_blurb _builder_version=&#8220;4.27.4&#8243; _module_preset=&#8220;default&#8220; header_font=&#8220;sofiaprobold||||||||&#8220; header_text_align=&#8220;center&#8220; header_text_color=&#8220;#FFFFFF&#8220; header_font_size=&#8220;24px&#8220; header_letter_spacing=&#8220;2px&#8220; header_line_height=&#8220;1.1em&#8220; body_font=&#8220;minion-pro-regular||||||||&#8220; body_text_align=&#8220;center&#8220; body_text_color=&#8220;#FFFFFF&#8220; body_font_size=&#8220;18px&#8220; body_letter_spacing=&#8220;0.2px&#8220; body_line_height=&#8220;1.6em&#8220; background_enable_color=&#8220;off&#8220; background_enable_image=&#8220;off&#8220; custom_margin=&#8220;-10%||||false|false&#8220; custom_padding=&#8220;0%|0%|0%|0%|true|true&#8220; custom_css_blurb_title=&#8220;margin-bottom: 10%;&#8220; locked=&#8220;off&#8220; global_colors_info=&#8220;{}&#8220;]<\/p>\n<p>Bankgasse 9<br \/>V\u00edde\u0148, 1010<\/p>\n<p>[\/et_pb_blurb][\/et_pb_column][et_pb_column type=&#8220;1_4&#8243; _builder_version=&#8220;4.27.4&#8243; _module_preset=&#8220;default&#8220; global_colors_info=&#8220;{}&#8220;][et_pb_divider divider_position=&#8220;center&#8220; divider_weight=&#8220;2px&#8220; _builder_version=&#8220;4.27.4&#8243; _module_preset=&#8220;default&#8220; width=&#8220;90%&#8220; width_tablet=&#8220;60%&#8220; width_phone=&#8220;50%&#8220; width_last_edited=&#8220;on|phone&#8220; module_alignment=&#8220;center&#8220; custom_margin=&#8220;0%||||false|false&#8220; custom_margin_tablet=&#8220;0%||||false|false&#8220; custom_margin_phone=&#8220;5%||||false|false&#8220; custom_margin_last_edited=&#8220;on|phone&#8220; custom_padding=&#8220;||||false|false&#8220; global_colors_info=&#8220;{}&#8220;][\/et_pb_divider][et_pb_blurb admin_label=&#8220;Informationstext&#8220; _builder_version=&#8220;4.27.4&#8243; _module_preset=&#8220;default&#8220; header_font=&#8220;sofiaprobold||||||||&#8220; header_text_align=&#8220;center&#8220; header_text_color=&#8220;#FFFFFF&#8220; header_font_size=&#8220;24px&#8220; header_letter_spacing=&#8220;2px&#8220; header_line_height=&#8220;1.1em&#8220; body_font=&#8220;minion-pro-regular||||||||&#8220; body_text_align=&#8220;center&#8220; body_text_color=&#8220;#FFFFFF&#8220; body_font_size=&#8220;18px&#8220; body_letter_spacing=&#8220;0.2px&#8220; body_line_height=&#8220;1.6em&#8220; background_enable_color=&#8220;off&#8220; background_enable_image=&#8220;off&#8220; custom_margin=&#8220;-10%||||false|false&#8220; custom_padding=&#8220;0%|0%|0%|0%|true|true&#8220; custom_css_blurb_title=&#8220;margin-bottom: 10%;&#8220; locked=&#8220;off&#8220; global_colors_info=&#8220;{}&#8220;]<\/p>\n<p><a href=\"tel:+43199717700\">+43 1 99717700<\/a><br \/><a href=\"mailto:%20office@lgroup.com\">office@lgroup.com<\/a><\/p>\n<p>[\/et_pb_blurb][\/et_pb_column][et_pb_column type=&#8220;1_4&#8243; _builder_version=&#8220;4.27.4&#8243; _module_preset=&#8220;default&#8220; global_colors_info=&#8220;{}&#8220;][et_pb_divider divider_position=&#8220;center&#8220; divider_weight=&#8220;2px&#8220; _builder_version=&#8220;4.27.4&#8243; _module_preset=&#8220;default&#8220; width=&#8220;90%&#8220; width_tablet=&#8220;60%&#8220; width_phone=&#8220;50%&#8220; width_last_edited=&#8220;on|phone&#8220; module_alignment=&#8220;center&#8220; custom_margin=&#8220;0%||||false|false&#8220; custom_margin_tablet=&#8220;5%||||false|false&#8220; custom_margin_phone=&#8220;&#8220; custom_margin_last_edited=&#8220;on|tablet&#8220; custom_padding=&#8220;||||false|false&#8220; global_colors_info=&#8220;{}&#8220;][\/et_pb_divider][et_pb_blurb admin_label=&#8220;Informationstext&#8220; _builder_version=&#8220;4.27.4&#8243; _module_preset=&#8220;default&#8220; header_font=&#8220;sofiaprobold||||||||&#8220; header_text_align=&#8220;center&#8220; header_text_color=&#8220;#FFFFFF&#8220; header_font_size=&#8220;24px&#8220; header_letter_spacing=&#8220;2px&#8220; header_line_height=&#8220;1.1em&#8220; body_font=&#8220;minion-pro-regular||||||||&#8220; body_text_align=&#8220;center&#8220; body_text_color=&#8220;#FFFFFF&#8220; body_font_size=&#8220;18px&#8220; body_letter_spacing=&#8220;0.2px&#8220; body_line_height=&#8220;1.6em&#8220; background_enable_color=&#8220;off&#8220; background_enable_image=&#8220;off&#8220; custom_margin=&#8220;-10%||||false|false&#8220; custom_padding=&#8220;0%|0%|0%|0%|true|true&#8220; custom_css_blurb_title=&#8220;margin-bottom: 10%;&#8220; locked=&#8220;off&#8220; global_colors_info=&#8220;{}&#8220;]<a href=\"https:\/\/lgroup.com\/cs\/tisk\/\">Tisk<\/a><br \/><a href=\"https:\/\/lgroup.com\/cs\/otisk\/\">Tir\u00e1\u017e<\/a>[\/et_pb_blurb][\/et_pb_column][et_pb_column type=&#8220;1_4&#8243; _builder_version=&#8220;4.27.4&#8243; _module_preset=&#8220;default&#8220; global_colors_info=&#8220;{}&#8220;][et_pb_divider divider_position=&#8220;center&#8220; divider_weight=&#8220;2px&#8220; _builder_version=&#8220;4.27.4&#8243; _module_preset=&#8220;default&#8220; width=&#8220;90%&#8220; width_tablet=&#8220;60%&#8220; width_phone=&#8220;50%&#8220; width_last_edited=&#8220;on|phone&#8220; module_alignment=&#8220;center&#8220; custom_margin=&#8220;0%||||false|false&#8220; custom_margin_tablet=&#8220;5%||||false|false&#8220; custom_margin_phone=&#8220;&#8220; custom_margin_last_edited=&#8220;on|tablet&#8220; custom_padding=&#8220;||||false|false&#8220; global_colors_info=&#8220;{}&#8220;][\/et_pb_divider][et_pb_blurb admin_label=&#8220;Informationstext&#8220; _builder_version=&#8220;4.27.4&#8243; _module_preset=&#8220;default&#8220; header_font=&#8220;sofiaprobold||||||||&#8220; header_text_align=&#8220;center&#8220; header_text_color=&#8220;#FFFFFF&#8220; header_font_size=&#8220;24px&#8220; header_letter_spacing=&#8220;2px&#8220; header_line_height=&#8220;1.1em&#8220; body_font=&#8220;minion-pro-regular||||||||&#8220; body_text_align=&#8220;center&#8220; body_text_color=&#8220;#FFFFFF&#8220; body_font_size=&#8220;18px&#8220; body_letter_spacing=&#8220;0.2px&#8220; body_line_height=&#8220;1.6em&#8220; background_enable_color=&#8220;off&#8220; background_enable_image=&#8220;off&#8220; custom_margin=&#8220;-10%||||false|false&#8220; custom_padding=&#8220;0%|0%|0%|0%|true|true&#8220; custom_css_blurb_title=&#8220;margin-bottom: 10%;&#8220; locked=&#8220;off&#8220; global_colors_info=&#8220;{}&#8220;]<\/p>\n<p><a href=\"https:\/\/lgroup.com\/cs\/ochrana-udaju\/\">Ochrana \u00fadaj\u016f<\/a><br \/><a href=\"https:\/\/lgroup.com\/cs\/ochrana-udaju\/#cookie-settings\">Nastaven\u00ed soubor\u016f cookie<\/a><\/p>\n<p>[\/et_pb_blurb][\/et_pb_column][\/et_pb_row][\/et_pb_section]<\/p>\n","protected":false},"excerpt":{"rendered":"<p><span class=\"borlabs-cookie-open-dialog-preferences brlbs-cmpnt-container\" data-borlabs-cookie-title=\"Nastaven\u00ed soubor\u016f cookie\" data-borlabs-cookie-type=\"button\" ><\/span>LICHTEN\u0160TEJNSKOGROUPBankgasse 9V\u00edde\u0148, 1010+43 1 99717700office@lgroup.comTiskTir\u00e1\u017eOchrana \u00fadaj\u016fNastaven\u00ed soubor\u016f cookie<\/p>\n","protected":false},"author":1,"featured_media":0,"parent":0,"menu_order":0,"comment_status":"closed","ping_status":"closed","template":"","meta":{"_et_pb_use_builder":"on","_et_pb_old_content":"","_et_gb_content_width":"","inline_featured_image":false,"footnotes":""},"class_list":["post-10565","page","type-page","status-publish","hentry"],"_links":{"self":[{"href":"https:\/\/lgroup.com\/cs\/wp-json\/wp\/v2\/pages\/10565","targetHints":{"allow":["GET"]}}],"collection":[{"href":"https:\/\/lgroup.com\/cs\/wp-json\/wp\/v2\/pages"}],"about":[{"href":"https:\/\/lgroup.com\/cs\/wp-json\/wp\/v2\/types\/page"}],"author":[{"embeddable":true,"href":"https:\/\/lgroup.com\/cs\/wp-json\/wp\/v2\/users\/1"}],"replies":[{"embeddable":true,"href":"https:\/\/lgroup.com\/cs\/wp-json\/wp\/v2\/comments?post=10565"}],"version-history":[{"count":4,"href":"https:\/\/lgroup.com\/cs\/wp-json\/wp\/v2\/pages\/10565\/revisions"}],"predecessor-version":[{"id":10569,"href":"https:\/\/lgroup.com\/cs\/wp-json\/wp\/v2\/pages\/10565\/revisions\/10569"}],"wp:attachment":[{"href":"https:\/\/lgroup.com\/cs\/wp-json\/wp\/v2\/media?parent=10565"}],"curies":[{"name":"wp","href":"https:\/\/api.w.org\/{rel}","templated":true}]}}